{"id":329,"date":"2021-03-03T14:11:07","date_gmt":"2021-03-03T17:11:07","guid":{"rendered":"http:\/\/www.irrigacion.gov.ar\/aguaymujer\/?page_id=329"},"modified":"2021-06-05T13:57:53","modified_gmt":"2021-06-05T16:57:53","slug":"visibilizacion-y-sensibilizacion","status":"publish","type":"page","link":"https:\/\/www.irrigacion.gov.ar\/aguaymujer\/visibilizacion-y-sensibilizacion\/","title":{"rendered":"Visibilizaci\u00f3n y sensibilizaci\u00f3n"},"content":{"rendered":"<section class=\"section  text-normal section-text-no-shadow section-inner-no-shadow section-normal section-opaque\"  >\n    \n    <div class=\"background-overlay grid-overlay-0 \" style=\"background-color: rgba(0,0,0,0);\"><\/div>\n\n    <div class=\"container container-vertical-default\">\n        <div class=\"row vertical-default\">\n            <div class=\"col-md-6     text-default small-screen-default\"  ><div class=\"col-text-1 text-normal  element-top-20 element-bottom-20\" data-os-animation=\"none\" data-os-animation-delay=\"0s\">\n    <h2 class=\"subtitulo celeste\">Visibilizaci\u00f3n y sensibilizaci\u00f3n<\/h2>\n<\/div>\n<div class=\"col-text-1 text-normal  element-top-20 element-bottom-20\" data-os-animation=\"none\" data-os-animation-delay=\"0s\">\n    <h3><strong>Un espacio para visibilizar el rol que las mujeres en general y las mendocinas en particular en la administraci\u00f3n, gesti\u00f3n, y uso del agua en pos del desarrollo sostenible. <\/strong><\/h3>\n<hr \/>\n<\/div>\n<\/div><div class=\"col-md-6     text-default small-screen-default\"  ><\/div>        <\/div>\n    <\/div>\n<\/section>\n<section class=\"section  text-normal section-text-no-shadow section-inner-no-shadow section-normal section-opaque\"  >\n    \n    <div class=\"background-overlay grid-overlay-0 \" style=\"background-color: rgba(0,0,0,0);\"><\/div>\n\n    <div class=\"container container-vertical-default\">\n        <div class=\"row vertical-default\">\n            <div class=\"col-md-12     text-default small-screen-default\"  >[vc_basic_grid post_type=&#8221;post&#8221; max_items=&#8221;10&#8243; style=&#8221;lazy&#8221; grid_id=&#8221;vc_gid:1622912254079-d356fd47-5ac4-10&#8243; taxonomies=&#8221;1&#8243;]<\/div>        <\/div>\n    <\/div>\n<\/section>\n","protected":false},"excerpt":{"rendered":"Visibilizaci\u00f3n y sensibilizaci\u00f3n Un espacio para visibilizar el rol que las mujeres en general y las mendocinas en particular en la administraci\u00f3n, gesti\u00f3n, y uso del agua en pos del desarrollo sostenible. [vc_basic_grid post_type=\"post\" max_items=\"10\" style=\"lazy\" grid_id=\"vc_gid:1622912254079-d356fd47-5ac4-10\" taxonomies=\"1\"]","protected":false},"author":1,"featured_media":0,"parent":0,"menu_order":0,"comment_status":"closed","ping_status":"closed","template":"","meta":[],"_links":{"self":[{"href":"https:\/\/www.irrigacion.gov.ar\/aguaymujer\/wp-json\/wp\/v2\/pages\/329"}],"collection":[{"href":"https:\/\/www.irrigacion.gov.ar\/aguaymujer\/wp-json\/wp\/v2\/pages"}],"about":[{"href":"https:\/\/www.irrigacion.gov.ar\/aguaymujer\/wp-json\/wp\/v2\/types\/page"}],"author":[{"embeddable":true,"href":"https:\/\/www.irrigacion.gov.ar\/aguaymujer\/wp-json\/wp\/v2\/users\/1"}],"replies":[{"embeddable":true,"href":"https:\/\/www.irrigacion.gov.ar\/aguaymujer\/wp-json\/wp\/v2\/comments?post=329"}],"version-history":[{"count":6,"href":"https:\/\/www.irrigacion.gov.ar\/aguaymujer\/wp-json\/wp\/v2\/pages\/329\/revisions"}],"predecessor-version":[{"id":542,"href":"https:\/\/www.irrigacion.gov.ar\/aguaymujer\/wp-json\/wp\/v2\/pages\/329\/revisions\/542"}],"wp:attachment":[{"href":"https:\/\/www.irrigacion.gov.ar\/aguaymujer\/wp-json\/wp\/v2\/media?parent=329"}],"curies":[{"name":"wp","href":"https:\/\/api.w.org\/{rel}","templated":true}]}}